{"id":857,"date":"2020-04-06T15:18:07","date_gmt":"2020-04-06T13:18:07","guid":{"rendered":"https:\/\/www.konsulenthusetprovi.dk\/fitness\/?page_id=857"},"modified":"2020-04-06T15:20:58","modified_gmt":"2020-04-06T13:20:58","slug":"chefinstruktoer","status":"publish","type":"page","link":"https:\/\/www.karateklub.dk\/fitness\/kontakt\/chefinstruktoer\/","title":{"rendered":"Chefinstrukt\u00f8r"},"content":{"rendered":"\t\t<div data-elementor-type=\"wp-page\" data-elementor-id=\"857\" class=\"elementor elementor-857\" data-elementor-post-type=\"page\">\n\t\t\t\t\t\t<section class=\"elementor-section elementor-top-section elementor-element elementor-element-c3ed9bf elementor-section-boxed elementor-section-height-default elementor-section-height-default\" data-id=\"c3ed9bf\" data-element_type=\"section\" data-e-type=\"section\">\n\t\t\t\t\t\t<div class=\"elementor-container elementor-column-gap-no\">\n\t\t\t\t\t<div class=\"elementor-column elementor-col-100 elementor-top-column elementor-element elementor-element-fbd1042\" data-id=\"fbd1042\" data-element_type=\"column\" data-e-type=\"column\">\n\t\t\t<div class=\"elementor-widget-wrap elementor-element-populated\">\n\t\t\t\t\t\t<section class=\"elementor-section elementor-inner-section elementor-element elementor-element-bbc9c10 elementor-reverse-mobile elementor-reverse-tablet elementor-section-boxed elementor-section-height-default elementor-section-height-default\" data-id=\"bbc9c10\" data-element_type=\"section\" data-e-type=\"section\">\n\t\t\t\t\t\t<div class=\"elementor-container elementor-column-gap-default\">\n\t\t\t\t\t<div class=\"elementor-column elementor-col-50 elementor-inner-column elementor-element elementor-element-ee63815\" data-id=\"ee63815\" data-element_type=\"column\" data-e-type=\"column\" data-settings=\"{&quot;background_background&quot;:&quot;classic&quot;}\">\n\t\t\t<div class=\"elementor-widget-wrap elementor-element-populated\">\n\t\t\t\t\t\t<div class=\"elementor-element elementor-element-fc09115 animated-fast elementor-invisible elementor-widget elementor-widget-heading\" data-id=\"fc09115\" data-element_type=\"widget\" data-e-type=\"widget\" data-settings=\"{&quot;_animation&quot;:&quot;fadeInLeft&quot;,&quot;_animation_delay&quot;:200}\" data-widget_type=\"heading.default\">\n\t\t\t\t\t<h2 class=\"elementor-heading-title elementor-size-default\">Kontakt Henrik Larsen<\/h2>\t\t\t\t<\/div>\n\t\t\t\t<div class=\"elementor-element elementor-element-9795cf1 animated-fast elementor-icon-list--layout-traditional elementor-list-item-link-full_width elementor-invisible elementor-widget elementor-widget-icon-list\" data-id=\"9795cf1\" data-element_type=\"widget\" data-e-type=\"widget\" data-settings=\"{&quot;_animation&quot;:&quot;fadeInLeft&quot;,&quot;_animation_delay&quot;:400}\" data-widget_type=\"icon-list.default\">\n\t\t\t\t\t\t\t<ul class=\"elementor-icon-list-items\">\n\t\t\t\t\t\t\t<li class=\"elementor-icon-list-item\">\n\t\t\t\t\t\t\t\t\t\t\t<a href=\"https:\/\/goo.gl\/maps\/HbVkpEP2uMkexdhQ9\" target=\"_blank\">\n\n\t\t\t\t\t\t\t\t\t\t\t\t<span class=\"elementor-icon-list-icon\">\n\t\t\t\t\t\t\t<svg aria-hidden=\"true\" class=\"e-font-icon-svg e-fas-house-damage\" viewBox=\"0 0 576 512\" xmlns=\"http:\/\/www.w3.org\/2000\/svg\"><path d=\"M288 114.96L69.47 307.71c-1.62 1.46-3.69 2.14-5.47 3.35V496c0 8.84 7.16 16 16 16h149.23L192 439.19l104.11-64-60.16-119.22L384 392.75l-104.11 64L319.81 512H496c8.84 0 16-7.16 16-16V311.1c-1.7-1.16-3.72-1.82-5.26-3.2L288 114.96zm282.69 121.32L512 184.45V48c0-8.84-7.16-16-16-16h-64c-8.84 0-16 7.16-16 16v51.69L314.75 10.31C307.12 3.45 297.56.01 288 0s-19.1 3.41-26.7 10.27L5.31 236.28c-6.57 5.91-7.12 16.02-1.21 22.6l21.4 23.82c5.9 6.57 16.02 7.12 22.6 1.21L277.42 81.63c6.05-5.33 15.12-5.33 21.17 0L527.91 283.9c6.57 5.9 16.69 5.36 22.6-1.21l21.4-23.82c5.9-6.57 5.36-16.69-1.22-22.59z\"><\/path><\/svg>\t\t\t\t\t\t<\/span>\n\t\t\t\t\t\t\t\t\t\t<span class=\"elementor-icon-list-text\">Fuglehaven 45, 4800 Nyk\u00f8bing F.<\/span>\n\t\t\t\t\t\t\t\t\t\t\t<\/a>\n\t\t\t\t\t\t\t\t\t<\/li>\n\t\t\t\t\t\t\t\t<li class=\"elementor-icon-list-item\">\n\t\t\t\t\t\t\t\t\t\t\t<a href=\"mailto:%20hlarsen@karateklub.dk\" target=\"_blank\">\n\n\t\t\t\t\t\t\t\t\t\t\t\t<span class=\"elementor-icon-list-icon\">\n\t\t\t\t\t\t\t<svg aria-hidden=\"true\" class=\"e-font-icon-svg e-fas-envelope\" viewBox=\"0 0 512 512\" xmlns=\"http:\/\/www.w3.org\/2000\/svg\"><path d=\"M502.3 190.8c3.9-3.1 9.7-.2 9.7 4.7V400c0 26.5-21.5 48-48 48H48c-26.5 0-48-21.5-48-48V195.6c0-5 5.7-7.8 9.7-4.7 22.4 17.4 52.1 39.5 154.1 113.6 21.1 15.4 56.7 47.8 92.2 47.6 35.7.3 72-32.8 92.3-47.6 102-74.1 131.6-96.3 154-113.7zM256 320c23.2.4 56.6-29.2 73.4-41.4 132.7-96.3 142.8-104.7 173.4-128.7 5.8-4.5 9.2-11.5 9.2-18.9v-19c0-26.5-21.5-48-48-48H48C21.5 64 0 85.5 0 112v19c0 7.4 3.4 14.3 9.2 18.9 30.6 23.9 40.7 32.4 173.4 128.7 16.8 12.2 50.2 41.8 73.4 41.4z\"><\/path><\/svg>\t\t\t\t\t\t<\/span>\n\t\t\t\t\t\t\t\t\t\t<span class=\"elementor-icon-list-text\">hlarsen@karateklub.dk<\/span>\n\t\t\t\t\t\t\t\t\t\t\t<\/a>\n\t\t\t\t\t\t\t\t\t<\/li>\n\t\t\t\t\t\t\t\t<li class=\"elementor-icon-list-item\">\n\t\t\t\t\t\t\t\t\t\t\t<a href=\"tel:+4524275221\" target=\"_blank\">\n\n\t\t\t\t\t\t\t\t\t\t\t\t<span class=\"elementor-icon-list-icon\">\n\t\t\t\t\t\t\t<svg aria-hidden=\"true\" class=\"e-font-icon-svg e-fas-phone-alt\" viewBox=\"0 0 512 512\" xmlns=\"http:\/\/www.w3.org\/2000\/svg\"><path d=\"M497.39 361.8l-112-48a24 24 0 0 0-28 6.9l-49.6 60.6A370.66 370.66 0 0 1 130.6 204.11l60.6-49.6a23.94 23.94 0 0 0 6.9-28l-48-112A24.16 24.16 0 0 0 122.6.61l-104 24A24 24 0 0 0 0 48c0 256.5 207.9 464 464 464a24 24 0 0 0 23.4-18.6l24-104a24.29 24.29 0 0 0-14.01-27.6z\"><\/path><\/svg>\t\t\t\t\t\t<\/span>\n\t\t\t\t\t\t\t\t\t\t<span class=\"elementor-icon-list-text\">+45 24 27 52 21<\/span>\n\t\t\t\t\t\t\t\t\t\t\t<\/a>\n\t\t\t\t\t\t\t\t\t<\/li>\n\t\t\t\t\t\t<\/ul>\n\t\t\t\t\t\t<\/div>\n\t\t\t\t\t<\/div>\n\t\t<\/div>\n\t\t\t\t<div class=\"elementor-column elementor-col-50 elementor-inner-column elementor-element elementor-element-761eca0\" data-id=\"761eca0\" data-element_type=\"column\" data-e-type=\"column\" data-settings=\"{&quot;background_background&quot;:&quot;classic&quot;}\">\n\t\t\t<div class=\"elementor-widget-wrap elementor-element-populated\">\n\t\t\t\t\t\t<div class=\"elementor-element elementor-element-6167b10 elementor-widget elementor-widget-image\" data-id=\"6167b10\" data-element_type=\"widget\" data-e-type=\"widget\" data-widget_type=\"image.default\">\n\t\t\t\t\t\t\t\t\t\t\t\t\t\t\t<img decoding=\"async\" src=\"https:\/\/www.karateklub.dk\/karate\/wp-content\/uploads\/sites\/3\/2019\/12\/Henrik-Larsen-Sensei-1.jpg\" title=\"\" alt=\"\" loading=\"lazy\" \/>\t\t\t\t\t\t\t\t\t\t\t\t\t\t\t<\/div>\n\t\t\t\t\t<\/div>\n\t\t<\/div>\n\t\t\t\t\t<\/div>\n\t\t<\/section>\n\t\t\t\t\t<\/div>\n\t\t<\/div>\n\t\t\t\t\t<\/div>\n\t\t<\/section>\n\t\t\t\t<\/div>\n\t\t","protected":false},"excerpt":{"rendered":"<p>Kontakt Henrik Larsen Fuglehaven 45, 4800 Nyk\u00f8bing F. hlarsen@karateklub.dk +45 24 27 52 21<\/p>\n","protected":false},"author":1,"featured_media":0,"parent":182,"menu_order":0,"comment_status":"closed","ping_status":"closed","template":"","meta":{"footnotes":""},"class_list":["post-857","page","type-page","status-publish"],"yoast_head":"<!-- This site is optimized with the Yoast SEO plugin v27.5 - https:\/\/yoast.com\/product\/yoast-seo-wordpress\/ -->\n<title>Chefinstrukt\u00f8r - Fitness - Nyk\u00f8bing F. Karate Center<\/title>\n<meta name=\"robots\" content=\"index, follow, max-snippet:-1, max-image-preview:large, max-video-preview:-1\" \/>\n<link rel=\"canonical\" href=\"https:\/\/www.karateklub.dk\/fitness\/kontakt\/chefinstruktoer\/\" \/>\n<meta property=\"og:locale\" content=\"da_DK\" \/>\n<meta property=\"og:type\" content=\"article\" \/>\n<meta property=\"og:title\" content=\"Chefinstrukt\u00f8r - Fitness - Nyk\u00f8bing F. Karate Center\" \/>\n<meta property=\"og:description\" content=\"Kontakt Henrik Larsen Fuglehaven 45, 4800 Nyk\u00f8bing F. hlarsen@karateklub.dk +45 24 27 52 21\" \/>\n<meta property=\"og:url\" content=\"https:\/\/www.karateklub.dk\/fitness\/kontakt\/chefinstruktoer\/\" \/>\n<meta property=\"og:site_name\" content=\"Fitness\" \/>\n<meta property=\"article:modified_time\" content=\"2020-04-06T13:20:58+00:00\" \/>\n<meta property=\"og:image\" content=\"https:\/\/www.karateklub.dk\/karate\/wp-content\/uploads\/sites\/3\/2019\/12\/Henrik-Larsen-Sensei-1.jpg\" \/>\n<meta name=\"twitter:card\" content=\"summary_large_image\" \/>\n<script type=\"application\/ld+json\" class=\"yoast-schema-graph\">{\"@context\":\"https:\\\/\\\/schema.org\",\"@graph\":[{\"@type\":\"WebPage\",\"@id\":\"https:\\\/\\\/www.karateklub.dk\\\/fitness\\\/kontakt\\\/chefinstruktoer\\\/\",\"url\":\"https:\\\/\\\/www.karateklub.dk\\\/fitness\\\/kontakt\\\/chefinstruktoer\\\/\",\"name\":\"Chefinstrukt\u00f8r - Fitness - Nyk\u00f8bing F. Karate Center\",\"isPartOf\":{\"@id\":\"https:\\\/\\\/www.karateklub.dk\\\/fitness\\\/#website\"},\"primaryImageOfPage\":{\"@id\":\"https:\\\/\\\/www.karateklub.dk\\\/fitness\\\/kontakt\\\/chefinstruktoer\\\/#primaryimage\"},\"image\":{\"@id\":\"https:\\\/\\\/www.karateklub.dk\\\/fitness\\\/kontakt\\\/chefinstruktoer\\\/#primaryimage\"},\"thumbnailUrl\":\"https:\\\/\\\/www.karateklub.dk\\\/karate\\\/wp-content\\\/uploads\\\/sites\\\/3\\\/2019\\\/12\\\/Henrik-Larsen-Sensei-1.jpg\",\"datePublished\":\"2020-04-06T13:18:07+00:00\",\"dateModified\":\"2020-04-06T13:20:58+00:00\",\"breadcrumb\":{\"@id\":\"https:\\\/\\\/www.karateklub.dk\\\/fitness\\\/kontakt\\\/chefinstruktoer\\\/#breadcrumb\"},\"inLanguage\":\"da-DK\",\"potentialAction\":[{\"@type\":\"ReadAction\",\"target\":[\"https:\\\/\\\/www.karateklub.dk\\\/fitness\\\/kontakt\\\/chefinstruktoer\\\/\"]}]},{\"@type\":\"ImageObject\",\"inLanguage\":\"da-DK\",\"@id\":\"https:\\\/\\\/www.karateklub.dk\\\/fitness\\\/kontakt\\\/chefinstruktoer\\\/#primaryimage\",\"url\":\"https:\\\/\\\/www.karateklub.dk\\\/karate\\\/wp-content\\\/uploads\\\/sites\\\/3\\\/2019\\\/12\\\/Henrik-Larsen-Sensei-1.jpg\",\"contentUrl\":\"https:\\\/\\\/www.karateklub.dk\\\/karate\\\/wp-content\\\/uploads\\\/sites\\\/3\\\/2019\\\/12\\\/Henrik-Larsen-Sensei-1.jpg\"},{\"@type\":\"BreadcrumbList\",\"@id\":\"https:\\\/\\\/www.karateklub.dk\\\/fitness\\\/kontakt\\\/chefinstruktoer\\\/#breadcrumb\",\"itemListElement\":[{\"@type\":\"ListItem\",\"position\":1,\"name\":\"Hjem\",\"item\":\"https:\\\/\\\/www.karateklub.dk\\\/fitness\\\/\"},{\"@type\":\"ListItem\",\"position\":2,\"name\":\"Kontakt\",\"item\":\"https:\\\/\\\/www.karateklub.dk\\\/fitness\\\/kontakt\\\/\"},{\"@type\":\"ListItem\",\"position\":3,\"name\":\"Chefinstrukt\u00f8r\"}]},{\"@type\":\"WebSite\",\"@id\":\"https:\\\/\\\/www.karateklub.dk\\\/fitness\\\/#website\",\"url\":\"https:\\\/\\\/www.karateklub.dk\\\/fitness\\\/\",\"name\":\"Fitness\",\"description\":\"Nyk\u00f8bing F. Karatecenter\",\"publisher\":{\"@id\":\"https:\\\/\\\/www.karateklub.dk\\\/fitness\\\/#organization\"},\"potentialAction\":[{\"@type\":\"SearchAction\",\"target\":{\"@type\":\"EntryPoint\",\"urlTemplate\":\"https:\\\/\\\/www.karateklub.dk\\\/fitness\\\/?s={search_term_string}\"},\"query-input\":{\"@type\":\"PropertyValueSpecification\",\"valueRequired\":true,\"valueName\":\"search_term_string\"}}],\"inLanguage\":\"da-DK\"},{\"@type\":\"Organization\",\"@id\":\"https:\\\/\\\/www.karateklub.dk\\\/fitness\\\/#organization\",\"name\":\"Karate Center Nyk\u00f8bing F.\",\"url\":\"https:\\\/\\\/www.karateklub.dk\\\/fitness\\\/\",\"logo\":{\"@type\":\"ImageObject\",\"inLanguage\":\"da-DK\",\"@id\":\"https:\\\/\\\/www.karateklub.dk\\\/fitness\\\/#\\\/schema\\\/logo\\\/image\\\/\",\"url\":\"https:\\\/\\\/www.karateklub.dk\\\/fitness\\\/wp-content\\\/uploads\\\/sites\\\/2\\\/2019\\\/12\\\/nyk-karate-center-lys.svg\",\"contentUrl\":\"https:\\\/\\\/www.karateklub.dk\\\/fitness\\\/wp-content\\\/uploads\\\/sites\\\/2\\\/2019\\\/12\\\/nyk-karate-center-lys.svg\",\"width\":872,\"height\":109,\"caption\":\"Karate Center Nyk\u00f8bing F.\"},\"image\":{\"@id\":\"https:\\\/\\\/www.karateklub.dk\\\/fitness\\\/#\\\/schema\\\/logo\\\/image\\\/\"}}]}<\/script>\n<!-- \/ Yoast SEO plugin. -->","yoast_head_json":{"title":"Chefinstrukt\u00f8r - Fitness - Nyk\u00f8bing F. Karate Center","robots":{"index":"index","follow":"follow","max-snippet":"max-snippet:-1","max-image-preview":"max-image-preview:large","max-video-preview":"max-video-preview:-1"},"canonical":"https:\/\/www.karateklub.dk\/fitness\/kontakt\/chefinstruktoer\/","og_locale":"da_DK","og_type":"article","og_title":"Chefinstrukt\u00f8r - Fitness - Nyk\u00f8bing F. Karate Center","og_description":"Kontakt Henrik Larsen Fuglehaven 45, 4800 Nyk\u00f8bing F. hlarsen@karateklub.dk +45 24 27 52 21","og_url":"https:\/\/www.karateklub.dk\/fitness\/kontakt\/chefinstruktoer\/","og_site_name":"Fitness","article_modified_time":"2020-04-06T13:20:58+00:00","og_image":[{"url":"https:\/\/www.karateklub.dk\/karate\/wp-content\/uploads\/sites\/3\/2019\/12\/Henrik-Larsen-Sensei-1.jpg","type":"","width":"","height":""}],"twitter_card":"summary_large_image","schema":{"@context":"https:\/\/schema.org","@graph":[{"@type":"WebPage","@id":"https:\/\/www.karateklub.dk\/fitness\/kontakt\/chefinstruktoer\/","url":"https:\/\/www.karateklub.dk\/fitness\/kontakt\/chefinstruktoer\/","name":"Chefinstrukt\u00f8r - Fitness - Nyk\u00f8bing F. Karate Center","isPartOf":{"@id":"https:\/\/www.karateklub.dk\/fitness\/#website"},"primaryImageOfPage":{"@id":"https:\/\/www.karateklub.dk\/fitness\/kontakt\/chefinstruktoer\/#primaryimage"},"image":{"@id":"https:\/\/www.karateklub.dk\/fitness\/kontakt\/chefinstruktoer\/#primaryimage"},"thumbnailUrl":"https:\/\/www.karateklub.dk\/karate\/wp-content\/uploads\/sites\/3\/2019\/12\/Henrik-Larsen-Sensei-1.jpg","datePublished":"2020-04-06T13:18:07+00:00","dateModified":"2020-04-06T13:20:58+00:00","breadcrumb":{"@id":"https:\/\/www.karateklub.dk\/fitness\/kontakt\/chefinstruktoer\/#breadcrumb"},"inLanguage":"da-DK","potentialAction":[{"@type":"ReadAction","target":["https:\/\/www.karateklub.dk\/fitness\/kontakt\/chefinstruktoer\/"]}]},{"@type":"ImageObject","inLanguage":"da-DK","@id":"https:\/\/www.karateklub.dk\/fitness\/kontakt\/chefinstruktoer\/#primaryimage","url":"https:\/\/www.karateklub.dk\/karate\/wp-content\/uploads\/sites\/3\/2019\/12\/Henrik-Larsen-Sensei-1.jpg","contentUrl":"https:\/\/www.karateklub.dk\/karate\/wp-content\/uploads\/sites\/3\/2019\/12\/Henrik-Larsen-Sensei-1.jpg"},{"@type":"BreadcrumbList","@id":"https:\/\/www.karateklub.dk\/fitness\/kontakt\/chefinstruktoer\/#breadcrumb","itemListElement":[{"@type":"ListItem","position":1,"name":"Hjem","item":"https:\/\/www.karateklub.dk\/fitness\/"},{"@type":"ListItem","position":2,"name":"Kontakt","item":"https:\/\/www.karateklub.dk\/fitness\/kontakt\/"},{"@type":"ListItem","position":3,"name":"Chefinstrukt\u00f8r"}]},{"@type":"WebSite","@id":"https:\/\/www.karateklub.dk\/fitness\/#website","url":"https:\/\/www.karateklub.dk\/fitness\/","name":"Fitness","description":"Nyk\u00f8bing F. Karatecenter","publisher":{"@id":"https:\/\/www.karateklub.dk\/fitness\/#organization"},"potentialAction":[{"@type":"SearchAction","target":{"@type":"EntryPoint","urlTemplate":"https:\/\/www.karateklub.dk\/fitness\/?s={search_term_string}"},"query-input":{"@type":"PropertyValueSpecification","valueRequired":true,"valueName":"search_term_string"}}],"inLanguage":"da-DK"},{"@type":"Organization","@id":"https:\/\/www.karateklub.dk\/fitness\/#organization","name":"Karate Center Nyk\u00f8bing F.","url":"https:\/\/www.karateklub.dk\/fitness\/","logo":{"@type":"ImageObject","inLanguage":"da-DK","@id":"https:\/\/www.karateklub.dk\/fitness\/#\/schema\/logo\/image\/","url":"https:\/\/www.karateklub.dk\/fitness\/wp-content\/uploads\/sites\/2\/2019\/12\/nyk-karate-center-lys.svg","contentUrl":"https:\/\/www.karateklub.dk\/fitness\/wp-content\/uploads\/sites\/2\/2019\/12\/nyk-karate-center-lys.svg","width":872,"height":109,"caption":"Karate Center Nyk\u00f8bing F."},"image":{"@id":"https:\/\/www.karateklub.dk\/fitness\/#\/schema\/logo\/image\/"}}]}},"_links":{"self":[{"href":"https:\/\/www.karateklub.dk\/fitness\/wp-json\/wp\/v2\/pages\/857","targetHints":{"allow":["GET"]}}],"collection":[{"href":"https:\/\/www.karateklub.dk\/fitness\/wp-json\/wp\/v2\/pages"}],"about":[{"href":"https:\/\/www.karateklub.dk\/fitness\/wp-json\/wp\/v2\/types\/page"}],"author":[{"embeddable":true,"href":"https:\/\/www.karateklub.dk\/fitness\/wp-json\/wp\/v2\/users\/1"}],"replies":[{"embeddable":true,"href":"https:\/\/www.karateklub.dk\/fitness\/wp-json\/wp\/v2\/comments?post=857"}],"version-history":[{"count":0,"href":"https:\/\/www.karateklub.dk\/fitness\/wp-json\/wp\/v2\/pages\/857\/revisions"}],"up":[{"embeddable":true,"href":"https:\/\/www.karateklub.dk\/fitness\/wp-json\/wp\/v2\/pages\/182"}],"wp:attachment":[{"href":"https:\/\/www.karateklub.dk\/fitness\/wp-json\/wp\/v2\/media?parent=857"}],"curies":[{"name":"wp","href":"https:\/\/api.w.org\/{rel}","templated":true}]}}